{"id":2958,"date":"2019-04-19T11:15:51","date_gmt":"2019-04-19T09:15:51","guid":{"rendered":"https:\/\/www.tonneliersdefrance.fr\/mentions-legales\/"},"modified":"2019-09-02T09:17:36","modified_gmt":"2019-09-02T07:17:36","slug":"legal-disclaimer","status":"publish","type":"page","link":"https:\/\/www.tonneliersdefrance.fr\/en\/legal-disclaimer\/","title":{"rendered":"Legal disclaimer"},"content":{"rendered":"<p>[et_pb_section bb_built=&#8221;1&#8243; specialty=&#8221;off&#8221; _builder_version=&#8221;3.19.10&#8243; custom_padding=&#8221;75px||35px|&#8221; module_class=&#8221;section-page-int first&#8221;][et_pb_row _builder_version=&#8221;3.19.10&#8243; custom_padding=&#8221;0px||0px|&#8221; use_custom_width=&#8221;on&#8221; custom_width_px=&#8221;1440px&#8221; use_custom_gutter=&#8221;on&#8221; gutter_width=&#8221;2&#8243; make_equal=&#8221;on&#8221; module_class=&#8221;row-width&#8221; module_class_1=&#8221;bloc-text-page-int-color&#8221;][et_pb_column type=&#8221;4_4&#8243;][et_pb_code admin_label=&#8221;Titre + mentions&#8221; _builder_version=&#8221;3.19.10&#8243; animation_delay=&#8221;1500ms&#8221;]<\/p>\n<h1>Legal <span>disclaimer<\/span><\/h1>\n<p>[\/et_pb_code][et_pb_text _builder_version=&#8221;3.19.10&#8243;]<\/p>\n<h2>Preamble<\/h2>\n<p>The purpose of these General Conditions is to define the terms under which the F\u00e9d\u00e9ration des Tonneliers de France makes the website available to users and the services available on the website as well as how users access the website and use its services.<br \/>Connecting to the website is subject to the present conditions. For the user, accessing the F\u00e9d\u00e9ration des Tonneliers de France website at the URL address www.tonneliersdefrance.fr implies acceptance of all the conditions described below.<\/p>\n<h2>Legal Disclaimer<\/h2>\n<p>The www.tonneliersdefrance.fr website is designed by the ad agency:<br \/>Defacto<br \/>Phone: +33 4 68 65 11 23<br \/>E-mail address: agence@studiodefacto.com<br \/>Limited liability company with capital of 7,622\u20ac, Narbonne Trade and Companies Registry number 432 945 079<br \/>Managing Editors: St\u00e9phane Casassus and Barber\u00e0 Guillaume<\/p>\n<p>The www.tonneliersdefrance.fr website is hosted by:<\/p>\n<p><strong>OVH<\/strong><br \/>Simplified joint-stock company with capital of 10,069,020 \u20ac<br \/>Metropolitan Lille Trade and Companies Registry number 424 761 419 00045<br \/>APE code: 2620Z<br \/>TVA number: FR 22 424 761 419<br \/>Headquarters: 2 rue Kellermann, 59100 Roubaix, FRANCE<\/p>\n<h2>Intellectual Property<\/h2>\n<p>The overall structure of the www.tonneliersdefrance.fr website and the text, graphics, images, audio, and video it contains are the property of the F\u00e9d\u00e9ration des Tonneliers de France. Any representation, reproduction, or use in whole or in part of the content and services offered on the www.tonneliersdefrance.fr website, by any means whatsoever, without the prior express written permission of the F\u00e9d\u00e9ration des Tonneliers de France is strictly prohibited and could constitute an infringement within the meaning of Articles L\u00a0335-2 and thereafter of the Intellectual Property Code.<\/p>\n<h2>HYPERLINKS<\/h2>\n<p>The www.tonneliersdefrance.fr website may contain hyperlinks to other websites published by third parties. The links to these other resources make you leave the www.tonneliersdefrance.fr website. As there is no control over these external resources, the F\u00e9d\u00e9ration des Tonneliers de France is in no way responsible for their content.<br \/>It is possible to create a hyperlink to the home page of this website without the express permission of the F\u00e9d\u00e9ration des Tonneliers de France. The F\u00e9d\u00e9ration des Tonneliers de France may not require any permission or prior request for preliminary information regarding a website that wishes to create a link to the F\u00e9d\u00e9ration des Tonneliers de France website. However, this website should be displayed in a new browser window. The F\u00e9d\u00e9ration des Tonneliers de France nevertheless reserves the right to request the removal of a link which it considers inconsistent with the purpose of the www.tonneliersdefrance.fr website.<\/p>\n<h2>F\u00c9D\u00c9RATION DES TONNELIERS DE FRANCE LIABILITY<\/h2>\n<p>The information and\/or documents contained in this website and\/or that can be accessed via this website come from sources considered to be reliable. However, such information and\/or documents may contain technical inaccuracies or typographical errors. The F\u00e9d\u00e9ration des Tonneliers de France reserves the right to correct them once such errors are brought to its attention.<br \/>We recommend checking the accuracy of the information and\/or documents provided on this website.<br \/>The information and\/or documents provided on this website may be changed at any time. In particular, they may have been updated between the time they were downloaded and the time the user reads them.<br \/>Use of the information and\/or documents provided on this website is under the full and sole responsibility of the user, who accepts all the potential consequences; the F\u00e9d\u00e9ration des Tonneliers de France cannot be held liable and there can be no recourse thereto. The F\u00e9d\u00e9ration des Tonneliers de France is not liable in any way for any damage of any kind whatsoever resulting from the interpretation or use of information and\/or documents provided on this website.<\/p>\n<h2>Access to the Website<\/h2>\n<p>The F\u00e9d\u00e9ration des Tonneliers de France makes every effort to provide access to the website 24 hours a day, 7 days a week, except in case of force majeure or circumstances beyond its control and subject to crashes or to maintenance operations required for proper functioning of the website and its services.<br \/>Therefore, the F\u00e9d\u00e9ration des Tonneliers de France cannot guarantee the availability of the website and\/or services, transmission reliability, or performance in terms of response time or quality. There is no provision for technical assistance for the user by electronic means or by telephone.<br \/>The F\u00e9d\u00e9ration des Tonneliers de France cannot be held responsible in the event the website cannot be accessed and\/or the services cannot be used. Moreover, the F\u00e9d\u00e9ration des Tonneliers de France may need to interrupt the website or a part of the services at any time without notice and without the right to compensation. The user acknowledges and accepts that the F\u00e9d\u00e9ration des Tonneliers de France is not responsible for interruptions and the consequences that may result for the user or any third party.<\/p>\n<h2>Changing Conditions of Use<\/h2>\n<p>The F\u00e9d\u00e9ration des Tonneliers de France reserves the right to change the terms and notices of these conditions of use any time and without notice, to adapt them to changes to the website and its use.<\/p>\n<h2>APPLICABLE LAW<\/h2>\n<p>This website and its conditions of use are governed by French law, irrespective of the location of use. Any dispute between the parties that is unresolved amicably will be a matter for French courts which will have sole jurisdiction over such a dispute.<\/p>\n<h2>Copyright, \u00a9, trademark law, Links<\/h2>\n<p>French and international law about copyright and intellectual property apply to this entire website. The images and photographs published on the website are the property of the F\u00e9d\u00e9ration des Tonneliers de France or are used by the F\u00e9d\u00e9ration des Tonneliers de France with the consent of the copyright holders.<br \/>The F\u00e9d\u00e9ration des Tonneliers de France reserves the right to pursue any acts of counterfeiting its documents or infringement of intellectual property, including seeking criminal prosecution.<\/p>\n<h2>Trademark law<\/h2>\n<p>Company names, trademarks, and distinctive signs appearing on the website are protected under trademark law. Reproduction or representation of all or part of any of the above distinctive signs is strictly forbidden and requires the prior written permission of the trademark owner.<br \/>The F\u00e9d\u00e9ration des Tonneliers de France reserves the right to pursue any acts of counterfeiting its documents or infringement of intellectual property, including seeking criminal prosecution.<\/p>\n<h2>Access Management and Passwords<\/h2>\n<p>The website or some of the areas of the website are accessible with an access code and password. Access codes and passwords are confidential. You are responsible for the consequences of their use. Therefore, it is your responsibility to take all measures to ensure the security and confidentiality of the codes and passwords assigned. You agree to inform the F\u00e9d\u00e9ration des Tonneliers de France\u00a0of any fraudulent use of your access code or password soon as you become aware of it. The number of attempts to access the website or the secure area of the website is limited. The F\u00e9d\u00e9ration des Tonneliers de France reserves the right to suspend your access to the website in the event of fraudulent use or attempted fraudulent use of this website.<\/p>\n<h2>PHOTO Credits<\/h2>\n<p>The F\u00e9d\u00e9ration des Tonneliers de France especially wants to thank Tonnelleries Billon, Cavin, Dargaud-Jaegl\u00e9, Mercurey, Millet, Rousseau and Seguin-Moreau for the permission to use the photos on the www.tonneliersdefrance.fr website without charge.<\/p>\n<p>It is stipulated that no photo, whether background photos or photos in the photo gallery, is free of copyright. Therefore, their use must comply with intellectual property protection and copyright law.<\/p>\n<p>Please send enquiries directly to F\u00e9d\u00e9ration des Tonneliers de France: presse@tonneliersdefrance.fr.<\/p>\n<p>\u00a0<\/p>\n<p>[\/et_pb_text][\/et_pb_column][\/et_pb_row][\/et_pb_section]<\/p>\n","protected":false},"excerpt":{"rendered":"<p>PreambleThe purpose of these General Conditions is to define the terms under which the F\u00e9d\u00e9ration des Tonneliers de France makes the website available to users and the services available on the website as well as how users access the website and use its services.Connecting to the website is subject to the present conditions. For the [&hellip;]<\/p>\n","protected":false},"author":1,"featured_media":0,"parent":0,"menu_order":0,"comment_status":"closed","ping_status":"closed","template":"","meta":{"_acf_changed":false,"_et_pb_use_builder":"on","_et_pb_old_content":"","_et_gb_content_width":"","footnotes":""},"class_list":["post-2958","page","type-page","status-publish","hentry"],"acf":[],"_links":{"self":[{"href":"https:\/\/www.tonneliersdefrance.fr\/en\/wp-json\/wp\/v2\/pages\/2958","targetHints":{"allow":["GET"]}}],"collection":[{"href":"https:\/\/www.tonneliersdefrance.fr\/en\/wp-json\/wp\/v2\/pages"}],"about":[{"href":"https:\/\/www.tonneliersdefrance.fr\/en\/wp-json\/wp\/v2\/types\/page"}],"author":[{"embeddable":true,"href":"https:\/\/www.tonneliersdefrance.fr\/en\/wp-json\/wp\/v2\/users\/1"}],"replies":[{"embeddable":true,"href":"https:\/\/www.tonneliersdefrance.fr\/en\/wp-json\/wp\/v2\/comments?post=2958"}],"version-history":[{"count":6,"href":"https:\/\/www.tonneliersdefrance.fr\/en\/wp-json\/wp\/v2\/pages\/2958\/revisions"}],"predecessor-version":[{"id":3028,"href":"https:\/\/www.tonneliersdefrance.fr\/en\/wp-json\/wp\/v2\/pages\/2958\/revisions\/3028"}],"wp:attachment":[{"href":"https:\/\/www.tonneliersdefrance.fr\/en\/wp-json\/wp\/v2\/media?parent=2958"}],"curies":[{"name":"wp","href":"https:\/\/api.w.org\/{rel}","templated":true}]}}